{"id":1027,"date":"2017-02-03T13:51:51","date_gmt":"2017-02-03T12:51:51","guid":{"rendered":"http:\/\/drillcraft.de\/?page_id=1027"},"modified":"2020-11-04T14:01:10","modified_gmt":"2020-11-04T13:01:10","slug":"home-page","status":"publish","type":"page","link":"https:\/\/drillcraft.de\/en\/","title":{"rendered":"Home Page"},"content":{"rendered":"<div id=\"pl-1027\"  class=\"panel-layout\" ><div id=\"pg-1027-0\"  class=\"panel-grid panel-no-style\" ><div id=\"pgc-1027-0-0\"  class=\"panel-grid-cell\" ><div id=\"panel-1027-0-0-0\" class=\"so-panel widget widget_circleicon-widget panel-first-child panel-last-child\" data-index=\"0\" >\t\t<div class=\"circle-icon-box circle-icon-position-top circle-icon-hide-box circle-icon-size-medium \">\n\t\t\t\t\t\t\t<div class=\"circle-icon-wrapper\">\n\t\t\t\t\t\t\t\t\t\t<div class=\"circle-icon\" >\n\t\t\t\t\t\t\t\t\t\t\t\t\t<div\n\t\t\t\t\t\t\t\tclass=\"fa fa-home\"\n\t\t\t\t\t\t\t\t\t\t\t\t\t\t\t><\/div>\n\t\t\t\t\t\t\t\t\t\t\t<\/div>\n\t\t\t\t\t\t\t\t\t<\/div>\n\t\t\t\n\t\t\t\t\t\t\t\t\t\t<h4 >\n\t\t\t\t\tPartner des Handwerks\t\t\t\t<\/h4>\n\t\t\t\t\t\t\n\t\t\t\t\t\t\t<p class=\"text\" >\n\t\t\t\tDie drillcraft Werkzeuge GmbH ist der Partner des Handwerks. Unsere Produktpalette bietet das richtige Zubeh\u00f6r, welches der Hand- und Heimwerker zur Fertigstellung seiner Projekte ben\u00f6tigt.\t\t\t<\/p>\n\t\t\t\t\t\t\t\t\t\t<a\n\t\t\t\t\thref=\"https:\/\/drillcraft.de\/?page_id=1063\"\n\t\t\t\t\tclass=\"more-button\"\n\t\t\t\t\t\t\t\t\t>\n\t\t\t\t\tZur Produktpalette\t\t\t\t\t<i><\/i>\n\t\t\t\t<\/a>\n\t\t\t\t\t<\/div>\n\t\t<\/div><\/div><div id=\"pgc-1027-0-1\"  class=\"panel-grid-cell\" ><div id=\"panel-1027-0-1-0\" class=\"so-panel widget widget_circleicon-widget panel-first-child panel-last-child\" data-index=\"1\" >\t\t<div class=\"circle-icon-box circle-icon-position-top circle-icon-hide-box circle-icon-size-medium \">\n\t\t\t\t\t\t\t<div class=\"circle-icon-wrapper\">\n\t\t\t\t\t\t\t\t\t\t<div class=\"circle-icon\" >\n\t\t\t\t\t\t\t\t\t\t\t\t\t<div\n\t\t\t\t\t\t\t\tclass=\"fa fa-thumbs-up\"\n\t\t\t\t\t\t\t\t\t\t\t\t\t\t\t><\/div>\n\t\t\t\t\t\t\t\t\t\t\t<\/div>\n\t\t\t\t\t\t\t\t\t<\/div>\n\t\t\t\n\t\t\t\t\t\t\t\t\t\t<h4 >\n\t\t\t\t\tQualit\u00e4t, die \u00fcberzeugt!\t\t\t\t<\/h4>\n\t\t\t\t\t\t\n\t\t\t\t\t\t\t<p class=\"text\" >\n\t\t\t\tUnsere Produkte erhalten regelm\u00e4\u00dfig gute Bewertungen in unabh\u00e4ngigen Tests von Heimwerker-Magazinen. Dies motiviert uns weiterhin darin, gleichbleibend gute Qualit\u00e4t an unsere Kunden weiterzugeben.\t\t\t<\/p>\n\t\t\t\t\t\t\t\t\t\t<a\n\t\t\t\t\thref=\"http:\/\/drillcraft.de\/?page_id=1082\"\n\t\t\t\t\tclass=\"more-button\"\n\t\t\t\t\t\t\t\t\t>\n\t\t\t\t\tZu den Testberichten\t\t\t\t\t<i><\/i>\n\t\t\t\t<\/a>\n\t\t\t\t\t<\/div>\n\t\t<\/div><\/div><div id=\"pgc-1027-0-2\"  class=\"panel-grid-cell\" ><div id=\"panel-1027-0-2-0\" class=\"so-panel widget widget_circleicon-widget panel-first-child panel-last-child\" data-index=\"2\" >\t\t<div class=\"circle-icon-box circle-icon-position-top circle-icon-hide-box circle-icon-size-medium \">\n\t\t\t\t\t\t\t<div class=\"circle-icon-wrapper\">\n\t\t\t\t\t\t\t\t\t\t<div class=\"circle-icon\" >\n\t\t\t\t\t\t\t\t\t\t\t\t\t<div\n\t\t\t\t\t\t\t\tclass=\"fa fa-clock-o\"\n\t\t\t\t\t\t\t\t\t\t\t\t\t\t\t><\/div>\n\t\t\t\t\t\t\t\t\t\t\t<\/div>\n\t\t\t\t\t\t\t\t\t<\/div>\n\t\t\t\n\t\t\t\t\t\t\t\t\t\t<h4 >\n\t\t\t\t\tSchnell und zuverl\u00e4ssig!\t\t\t\t<\/h4>\n\t\t\t\t\t\t\n\t\t\t\t\t\t\t<p class=\"text\" >\n\t\t\t\tUnser Mitarbeiterteam ist mit jedem Auftrag bestrebt, Ihre Bestellung schnell und zuverl\u00e4ssig abzuwickeln. So sparen Sie Zeit und k\u00f6nnen diese an anderer Stelle sinnvoll nutzen.\t\t\t<\/p>\n\t\t\t\t\t\t\t\t\t\t<a\n\t\t\t\t\thref=\"http:\/\/drillcraft.de\/?page_id=87\"\n\t\t\t\t\tclass=\"more-button\"\n\t\t\t\t\t\t\t\t\t>\n\t\t\t\t\tHier Kontakt aufnehmen\t\t\t\t\t<i><\/i>\n\t\t\t\t<\/a>\n\t\t\t\t\t<\/div>\n\t\t<\/div><\/div><\/div><div id=\"pg-1027-1\"  class=\"panel-grid panel-has-style\" ><div class=\"wide-grey panel-row-style panel-row-style-for-1027-1\" ><div id=\"pgc-1027-1-0\"  class=\"panel-grid-cell\" ><div id=\"panel-1027-1-0-0\" class=\"so-panel widget widget_headline-widget panel-first-child panel-last-child\" data-index=\"3\" >\t\t<h1>Support<\/h1>\n\t\t<div class=\"decoration\"><div class=\"decoration-inside\"><\/div><\/div>\n\t\t<h3>Kennen Sie schon unseren Support? Stellen Sie Ihre Frage gleich \u00fcber das <a href=\"http:\/\/drillcraft.de\/?page_id=1073\">Kontaktformular<\/a> und wir beantworten diese so schnell wie m\u00f6glich.<\/h3>\n\t\t<\/div><\/div><\/div><\/div><div id=\"pg-1027-2\"  class=\"panel-grid panel-no-style\" ><div id=\"pgc-1027-2-0\"  class=\"panel-grid-cell\" ><div id=\"panel-1027-2-0-0\" class=\"so-panel widget widget_siteorigin-panels-postloop panel-first-child panel-last-child\" data-index=\"4\" ><h3 class=\"widget-title\"><span class=\"vantage-carousel-title\"><span class=\"vantage-carousel-title-text\">Neuigkeiten<\/span><a href=\"#\" class=\"next\" title=\"Next\"><span class=\"vantage-icon-arrow-right\"><\/span><\/a><a href=\"#\" class=\"previous\" title=\"Previous\"><span class=\"vantage-icon-arrow-left\"><\/span><\/a><\/span><\/h3><div class=\"vantage-carousel-wrapper\">\n\t\n\t<ul\n\t\tclass=\"vantage-carousel\"\n\t\tdata-query=\"{&quot;post_status&quot;:&quot;publish&quot;,&quot;posts_per_page&quot;:5,&quot;post_type&quot;:[&quot;attachment&quot;,&quot;page&quot;,&quot;post&quot;],&quot;post__in&quot;:[1216,1122,1043,1053,1089],&quot;date_type&quot;:&quot;specific&quot;,&quot;date_query&quot;:{&quot;after&quot;:&quot;&quot;,&quot;before&quot;:&quot;&quot;,&quot;inclusive&quot;:true},&quot;date_query_relative&quot;:&quot;{\\&quot;from\\&quot;:{\\&quot;value\\&quot;:0,\\&quot;unit\\&quot;:\\&quot;days\\&quot;},\\&quot;to\\&quot;:{\\&quot;value\\&quot;:0,\\&quot;unit\\&quot;:\\&quot;days\\&quot;}}&quot;,&quot;orderby&quot;:&quot;post__in&quot;,&quot;post__not_in&quot;:[1027,1027],&quot;paged&quot;:1,&quot;fields&quot;:&quot;all&quot;,&quot;lazy_load_term_meta&quot;:true}\"\n\t\tdata-ajax-url=\"https:\/\/drillcraft.de\/wp-admin\/admin-ajax.php?vantage_carousel_nonce=9eaee206de\"\n\t>\n\t\t\t\t\t<li class=\"carousel-entry\">\n\t\t\t\t<div class=\"thumbnail\">\n\t\t\t\t\t\t\t\t\t\t\t<a href=\"https:\/\/drillcraft.de\/en\/stufenbohrer\/\" style=\"background-image: url(https:\/\/i0.wp.com\/drillcraft.de\/wp-content\/uploads\/Stufenbohrer.jpg?resize=272%2C182&#038;ssl=1)\">\n\t\t\t\t\t\t<\/a>\n\t\t\t\t\t\t\t\t\t<\/div>\n\t\t\t\t\t\t\t\t<h3><a href=\"https:\/\/drillcraft.de\/en\/stufenbohrer\/\">Stufenbohrer<\/a><\/h3>\n\t\t\t<\/li>\n\t\t\t\t\t<li class=\"carousel-entry\">\n\t\t\t\t<div class=\"thumbnail\">\n\t\t\t\t\t\t\t\t\t\t\t<a href=\"https:\/\/drillcraft.de\/en\/stichsageblatter\/\" style=\"background-image: url(https:\/\/i0.wp.com\/drillcraft.de\/wp-content\/uploads\/s%C3%A4geblatt-2.jpg?resize=272%2C182&#038;ssl=1)\">\n\t\t\t\t\t\t<\/a>\n\t\t\t\t\t\t\t\t\t<\/div>\n\t\t\t\t\t\t\t\t<h3><a href=\"https:\/\/drillcraft.de\/en\/stichsageblatter\/\">Stichs\u00e4gebl\u00e4tter<\/a><\/h3>\n\t\t\t<\/li>\n\t\t\t\t\t<li class=\"carousel-entry\">\n\t\t\t\t<div class=\"thumbnail\">\n\t\t\t\t\t\t\t\t\t\t\t<a href=\"https:\/\/drillcraft.de\/en\/1043\/\" style=\"background-image: url(https:\/\/i0.wp.com\/drillcraft.de\/wp-content\/uploads\/multitool-2.jpg?resize=272%2C182&#038;ssl=1)\">\n\t\t\t\t\t\t<\/a>\n\t\t\t\t\t\t\t\t\t<\/div>\n\t\t\t\t\t\t\t\t<h3><a href=\"https:\/\/drillcraft.de\/en\/1043\/\">Multitool Bericht<\/a><\/h3>\n\t\t\t<\/li>\n\t\t\t\t\t<li class=\"carousel-entry\">\n\t\t\t\t<div class=\"thumbnail\">\n\t\t\t\t\t\t\t\t\t\t\t<a href=\"https:\/\/drillcraft.de\/en\/1053\/\" style=\"background-image: url(https:\/\/i0.wp.com\/drillcraft.de\/wp-content\/uploads\/forstner_title.jpg?resize=272%2C182&#038;ssl=1)\">\n\t\t\t\t\t\t<\/a>\n\t\t\t\t\t\t\t\t\t<\/div>\n\t\t\t\t\t\t\t\t<h3><a href=\"https:\/\/drillcraft.de\/en\/1053\/\">Forstnerbohrer<\/a><\/h3>\n\t\t\t<\/li>\n\t\t\t\t\t<li class=\"carousel-entry\">\n\t\t\t\t<div class=\"thumbnail\">\n\t\t\t\t\t\t\t\t\t\t\t<a href=\"https:\/\/drillcraft.de\/en\/drillcraft-de-im-neuen-gewand\/\" style=\"background-image: url(https:\/\/i0.wp.com\/drillcraft.de\/wp-content\/uploads\/title_web.jpg?resize=272%2C182&#038;ssl=1)\">\n\t\t\t\t\t\t<\/a>\n\t\t\t\t\t\t\t\t\t<\/div>\n\t\t\t\t\t\t\t\t<h3><a href=\"https:\/\/drillcraft.de\/en\/drillcraft-de-im-neuen-gewand\/\">drillcraft.de im neuen Gewand<\/a><\/h3>\n\t\t\t<\/li>\n\t\t\t<\/ul>\n<\/div>\n<\/div><\/div><\/div><\/div>","protected":false},"excerpt":{"rendered":"<p>Partner des Handwerks Die drillcraft Werkzeuge GmbH ist der Partner des Handwerks. Unsere Produktpalette bietet das richtige Zubeh\u00f6r, welches der Hand- und Heimwerker zur Fertigstellung seiner Projekte ben\u00f6tigt. Zur Produktpalette Qualit\u00e4t, die \u00fcberzeugt! Unsere Produkte erhalten regelm\u00e4\u00dfig gute Bewertungen in unabh\u00e4ngigen Tests von Heimwerker-Magazinen. Dies motiviert uns weiterhin darin, gleichbleibend gute Qualit\u00e4t an unsere Kunden [&hellip;]<\/p>\n","protected":false},"author":1,"featured_media":0,"parent":0,"menu_order":1,"comment_status":"closed","ping_status":"closed","template":"home-panels.php","meta":{"footnotes":""},"class_list":["post-1027","page","type-page","status-publish","hentry","post"],"jetpack_sharing_enabled":true,"jetpack_shortlink":"https:\/\/wp.me\/P8mDpk-gz","jetpack-related-posts":[],"_links":{"self":[{"href":"https:\/\/drillcraft.de\/en\/wp-json\/wp\/v2\/pages\/1027","targetHints":{"allow":["GET"]}}],"collection":[{"href":"https:\/\/drillcraft.de\/en\/wp-json\/wp\/v2\/pages"}],"about":[{"href":"https:\/\/drillcraft.de\/en\/wp-json\/wp\/v2\/types\/page"}],"author":[{"embeddable":true,"href":"https:\/\/drillcraft.de\/en\/wp-json\/wp\/v2\/users\/1"}],"replies":[{"embeddable":true,"href":"https:\/\/drillcraft.de\/en\/wp-json\/wp\/v2\/comments?post=1027"}],"version-history":[{"count":16,"href":"https:\/\/drillcraft.de\/en\/wp-json\/wp\/v2\/pages\/1027\/revisions"}],"predecessor-version":[{"id":1709,"href":"https:\/\/drillcraft.de\/en\/wp-json\/wp\/v2\/pages\/1027\/revisions\/1709"}],"wp:attachment":[{"href":"https:\/\/drillcraft.de\/en\/wp-json\/wp\/v2\/media?parent=1027"}],"curies":[{"name":"wp","href":"https:\/\/api.w.org\/{rel}","templated":true}]}}