{"id":1073,"date":"2017-02-06T08:37:06","date_gmt":"2017-02-06T07:37:06","guid":{"rendered":"http:\/\/drillcraft.de\/?page_id=1073"},"modified":"2020-10-14T10:07:53","modified_gmt":"2020-10-14T08:07:53","slug":"support","status":"publish","type":"page","link":"https:\/\/drillcraft.de\/en\/support\/","title":{"rendered":"Support"},"content":{"rendered":"<div id=\"pl-1073\"  class=\"panel-layout\" ><div id=\"pg-1073-0\"  class=\"panel-grid panel-no-style\" ><div id=\"pgc-1073-0-0\"  class=\"panel-grid-cell\" ><div id=\"panel-1073-0-0-0\" class=\"so-panel widget widget_sow-editor panel-first-child panel-last-child\" data-index=\"0\" ><div\n\t\t\t\n\t\t\tclass=\"so-widget-sow-editor so-widget-sow-editor-base\"\n\t\t\t\n\t\t>\n<div class=\"siteorigin-widget-tinymce textwidget\">\n\t<p>On this page, you can contact our team directly in writing. If you have any questions about the use of our products or would like to find out where your nearest drillcraft product retailer is located, please feel free to contact us using this contact form.<\/p>\n<p>We will try to respond to your inquiry within the next 48 hours.<\/p>\n<\/div>\n<\/div><\/div><\/div><\/div><div id=\"pg-1073-1\"  class=\"panel-grid panel-no-style\" ><div id=\"pgc-1073-1-0\"  class=\"panel-grid-cell\" ><div id=\"panel-1073-1-0-0\" class=\"so-panel widget widget_sow-contact-form panel-first-child panel-last-child\" data-index=\"1\" ><div\n\t\t\t\n\t\t\tclass=\"so-widget-sow-contact-form so-widget-sow-contact-form-default-90eb4316f972-1073\"\n\t\t\t\n\t\t>\t<form\n\t\taction=\"\/en\/wp-json\/wp\/v2\/pages\/1073\"\n\t\tmethod=\"POST\"\n\t\tclass=\"sow-contact-form\"\n\t\tid=\"contact-form-89fa\" data-trp-original-action=\"\/en\/wp-json\/wp\/v2\/pages\/1073\"\n\t>\n\n\t\t\n\t\t\t\t\t<div class=\"sow-form-field sow-form-field-name\">\n\t\t\t\t<label class=\"sow-form-field-label-above\" for=\"sow-contact-form-field-ihr-name-1\">\n\t\t\t\t<strong>\n\t\t\t\t\tName\t\t\t\t\t\t\t\t\t<\/strong>\n\t\t\t<\/label>\n\t\t\t\t\t\t\t<div class=\"sow-field-container\">\n\t\t\t\t\t\t\t<input\n\t\t\ttype=\"text\"\n\t\t\tname=\"ihr-name-1\"\n\t\t\tid=\"sow-contact-form-field-ihr-name-1\"\n\t\t\tvalue=\"\"\n\t\t\tclass=\"sow-text-field\"\n\t\t\t\t\t\t\t\t\/>\n\t\t\t\t\t\t<\/div>\n\t\t\t\t\t\t\t<\/div>\n\t\t\t\t\t\t<div class=\"sow-form-field sow-form-field-name\">\n\t\t\t\t<label class=\"sow-form-field-label-above\" for=\"sow-contact-form-field-ihre-firma-1\">\n\t\t\t\t<strong>\n\t\t\t\t\tCompany\t\t\t\t\t\t\t\t\t<\/strong>\n\t\t\t<\/label>\n\t\t\t\t\t\t\t<div class=\"sow-field-container\">\n\t\t\t\t\t\t\t<input\n\t\t\ttype=\"text\"\n\t\t\tname=\"ihre-firma-1\"\n\t\t\tid=\"sow-contact-form-field-ihre-firma-1\"\n\t\t\tvalue=\"\"\n\t\t\tclass=\"sow-text-field\"\n\t\t\t\t\t\t\t\t\/>\n\t\t\t\t\t\t<\/div>\n\t\t\t\t\t\t\t<\/div>\n\t\t\t\t\t\t<div class=\"sow-form-field sow-form-field-email\">\n\t\t\t\t<label class=\"sow-form-field-label-above\" for=\"sow-contact-form-field-ihre-e-mail-adresse-1\">\n\t\t\t\t<strong>\n\t\t\t\t\tE-mail address\t\t\t\t\t\t\t\t\t<\/strong>\n\t\t\t<\/label>\n\t\t\t\t\t\t\t<div class=\"sow-field-container\">\n\t\t\t\t\t\t\t<input\n\t\t\ttype=\"email\"\n\t\t\tname=\"ihre-e-mail-adresse-1\"\n\t\t\tid=\"sow-contact-form-field-ihre-e-mail-adresse-1\"\n\t\t\tvalue=\"\"\n\t\t\tclass=\"sow-text-field\"\t\t\taria-describedby=\"sow-contact-form-field-ihre-e-mail-adresse-1-description\" \t\t\t\t\t\/>\n\t\t\t\t\t\t\t\t<div\n\t\t\t\t\t\t\tclass=\"sow-form-field-description\"\n\t\t\t\t\t\t\tid=\"sow-contact-form-field-ihre-e-mail-adresse-1-description\"\n\t\t\t\t\t\t>\n\t\t\t\t\t\t\tWir ben\u00f6tigen Ihre E-Mail Adresse, um Ihnen auf Ihre Anfrage antworten zu k\u00f6nnen.\t\t\t\t\t\t<\/div>\n\t\t\t\t\t\t\t\t\t\t<\/div>\n\t\t\t\t\t\t\t<\/div>\n\t\t\t\t\t\t<div class=\"sow-form-field sow-form-field-subject\">\n\t\t\t\t<label class=\"sow-form-field-label-above\" for=\"sow-contact-form-field-betreff-1\">\n\t\t\t\t<strong>\n\t\t\t\t\tSubject\t\t\t\t\t\t\t\t\t<\/strong>\n\t\t\t<\/label>\n\t\t\t\t\t\t\t<div class=\"sow-field-container\">\n\t\t\t\t\t\t\t<input\n\t\t\ttype=\"text\"\n\t\t\tname=\"betreff-1\"\n\t\t\tid=\"sow-contact-form-field-betreff-1\"\n\t\t\tvalue=\"\"\n\t\t\tclass=\"sow-text-field\"\n\t\t\t\t\t\t\t\t\/>\n\t\t\t\t\t\t<\/div>\n\t\t\t\t\t\t\t<\/div>\n\t\t\t\t\t\t<div class=\"sow-form-field sow-form-field-textarea\">\n\t\t\t\t<label class=\"sow-form-field-label-above\" for=\"sow-contact-form-field-ihre-nachricht-1\">\n\t\t\t\t<strong>\n\t\t\t\t\tMessage\t\t\t\t\t\t\t\t\t<\/strong>\n\t\t\t<\/label>\n\t\t\t\t\t\t\t<div class=\"sow-field-container\">\n\t\t\t\t\t\t\t<textarea\n\t\t\tname=\"ihre-nachricht-1\"\n\t\t\tid=\"sow-contact-form-field-ihre-nachricht-1\"\n\t\t\trows=\"10\"\n\t\t\t\t\t\t\t\t><\/textarea>\n\t\t\t\t\t\t<\/div>\n\t\t\t\t\t\t\t<\/div>\n\t\t\t\n\t\t\n\t\t<div class=\"sow-submit-wrapper \t\tsow-submit-styled\">\n\n\t\t\t<button\n\t\t\t\ttype=\"submit\"\n\t\t\t\tclass=\"sow-submit\"\n\t\t\t\t\t\t\t>\n\t\t\t\tSend\t\t\t<\/button>\n\t\t<\/div>\n\t\t\t\t<input\n\t\t\ttype=\"hidden\"\n\t\t\tname=\"instance_hash-1\"\n\t\t\tvalue=\"89fa6932\"\n\t\t\/>\n\n\t\t<input type=\"hidden\" id=\"_wpnonce\" name=\"_wpnonce\" value=\"f249b69f7b\" \/><input type=\"hidden\" name=\"_wp_http_referer\" value=\"\/en\/wp-json\/wp\/v2\/pages\/1073\" \/>\t<input type=\"hidden\" name=\"trp-form-language\" value=\"en\"\/><\/form>\n\t<\/div><\/div><\/div><\/div><\/div>","protected":false},"excerpt":{"rendered":"<p>Auf dieser Seite k\u00f6nnen Sie direkt mit unserem Mitarbeiterteam schriftlich Kontakt aufnehmen. Sollten Sie Fragen zur Anwendung unserer Produkte haben, oder gerne die n\u00e4chste Verkaufsstelle der drillcraft Produkte erfahren, k\u00f6nnen Sie sich gerne \u00fcber dieses Kontaktformular an uns wenden.Wir versuchen Ihre Anfrage innerhalb der n\u00e4chsten 48 Stunden\u00a0zu beantworten.<\/p>","protected":false},"author":1,"featured_media":0,"parent":0,"menu_order":5,"comment_status":"closed","ping_status":"closed","template":"","meta":{"footnotes":""},"class_list":["post-1073","page","type-page","status-publish","hentry","post"],"jetpack_sharing_enabled":true,"jetpack_shortlink":"https:\/\/wp.me\/P8mDpk-hj","jetpack-related-posts":[],"_links":{"self":[{"href":"https:\/\/drillcraft.de\/en\/wp-json\/wp\/v2\/pages\/1073","targetHints":{"allow":["GET"]}}],"collection":[{"href":"https:\/\/drillcraft.de\/en\/wp-json\/wp\/v2\/pages"}],"about":[{"href":"https:\/\/drillcraft.de\/en\/wp-json\/wp\/v2\/types\/page"}],"author":[{"embeddable":true,"href":"https:\/\/drillcraft.de\/en\/wp-json\/wp\/v2\/users\/1"}],"replies":[{"embeddable":true,"href":"https:\/\/drillcraft.de\/en\/wp-json\/wp\/v2\/comments?post=1073"}],"version-history":[{"count":4,"href":"https:\/\/drillcraft.de\/en\/wp-json\/wp\/v2\/pages\/1073\/revisions"}],"predecessor-version":[{"id":1094,"href":"https:\/\/drillcraft.de\/en\/wp-json\/wp\/v2\/pages\/1073\/revisions\/1094"}],"wp:attachment":[{"href":"https:\/\/drillcraft.de\/en\/wp-json\/wp\/v2\/media?parent=1073"}],"curies":[{"name":"wp","href":"https:\/\/api.w.org\/{rel}","templated":true}]}}