{"id":320,"date":"2012-07-17T10:05:26","date_gmt":"2012-07-17T08:05:26","guid":{"rendered":"http:\/\/feida.de\/?page_id=320"},"modified":"2021-01-05T12:06:03","modified_gmt":"2021-01-05T11:06:03","slug":"uber-feida","status":"publish","type":"page","link":"https:\/\/drillcraft.de\/en\/uber-feida\/","title":{"rendered":"About drillcraft"},"content":{"rendered":"<p>For many years now, drillcraft GmbH has been synonymous with excellent value for money. During this time, we have won over our customers with our professional service, consistent quality, and competitive prices.<\/p>\n<p>Our goal is to bring our products to small and medium-sized businesses as well as to retailers and wholesalers. Retail and wholesale customers can also pick up goods directly from our warehouse in Willich.<\/p>\n<p>Our products are constantly checked by our quality system to ensure that our customers receive consistently high quality. The continuous improvement process and the implementation of customer-specific requirements are among our top priorities.<\/p>\n<p>Our product range is constantly expanding. In 2012 alone, we added five new product groups in various designs to our range and will continue to do so in 2015.<\/p>\n<p>Thanks to our organized operational processes, your request will be processed and your order shipped within the shortest possible time. Direct links to our wholesale warehouse in Willich guarantee error-free and reliable workflows between our warehouse and our office staff.<\/p>\n<p>We work exclusively with BSCI-certified (Business Social Compliance Initiative) suppliers and therefore attach great importance to international agreements on working conditions, health and social facilities, workplace safety, environmental protection, and sustainability.<\/p>\n<p>Our competent team of employees is available Monday through Friday from 8:00 a.m. to 4:30 p.m. to answer any further questions you may have.<\/p>\n<p>We look forward to welcoming you as a customer at drillcraft GmbH soon.<\/p>\n<p>Ihr drillcraft GmbH Team<\/p>\n<p>Below you will find the link to our partner in Poland.<br \/>\n<a href=\"http:\/\/drillcraft.com.pl\/\">Mehr erfahren<\/a><\/p>\n<p><!--:--><\/p>","protected":false},"excerpt":{"rendered":"<p>Die drillcraft GmbH steht nun seit vielen Jahren f\u00fcr ein \u00fcberzeugendes Preis-\/Leistungsverh\u00e4ltnis. Wir konnten in dieser Zeit unsere Kunden mit einem professionellen Service, gleichbleibender Qualit\u00e4t und wettbewerbsf\u00e4higen Preisen \u00fcberzeugen. Unser Ziel ist es unsere Produkte sowohl an klein- und mittelst\u00e4ndige Gewerbetreibende als auch an den Einzel- und Gro\u00dfhandel zu bringen. F\u00fcr Einzel- und Gro\u00dfhandelskunden ist [&hellip;]<\/p>\n","protected":false},"author":1,"featured_media":0,"parent":0,"menu_order":3,"comment_status":"closed","ping_status":"closed","template":"","meta":{"footnotes":""},"class_list":["post-320","page","type-page","status-publish","hentry","post"],"jetpack_sharing_enabled":true,"jetpack_shortlink":"https:\/\/wp.me\/P8mDpk-5a","jetpack-related-posts":[],"_links":{"self":[{"href":"https:\/\/drillcraft.de\/en\/wp-json\/wp\/v2\/pages\/320","targetHints":{"allow":["GET"]}}],"collection":[{"href":"https:\/\/drillcraft.de\/en\/wp-json\/wp\/v2\/pages"}],"about":[{"href":"https:\/\/drillcraft.de\/en\/wp-json\/wp\/v2\/types\/page"}],"author":[{"embeddable":true,"href":"https:\/\/drillcraft.de\/en\/wp-json\/wp\/v2\/users\/1"}],"replies":[{"embeddable":true,"href":"https:\/\/drillcraft.de\/en\/wp-json\/wp\/v2\/comments?post=320"}],"version-history":[{"count":4,"href":"https:\/\/drillcraft.de\/en\/wp-json\/wp\/v2\/pages\/320\/revisions"}],"predecessor-version":[{"id":1905,"href":"https:\/\/drillcraft.de\/en\/wp-json\/wp\/v2\/pages\/320\/revisions\/1905"}],"wp:attachment":[{"href":"https:\/\/drillcraft.de\/en\/wp-json\/wp\/v2\/media?parent=320"}],"curies":[{"name":"wp","href":"https:\/\/api.w.org\/{rel}","templated":true}]}}