{"id":63,"date":"2012-02-29T06:56:15","date_gmt":"2012-02-29T05:56:15","guid":{"rendered":"http:\/\/feida.de\/?page_id=63"},"modified":"2020-09-23T10:36:07","modified_gmt":"2020-09-23T08:36:07","slug":"impressum","status":"publish","type":"page","link":"https:\/\/drillcraft.de\/en\/impressum\/","title":{"rendered":"Impressum"},"content":{"rendered":"<p><!--:de-->Herausgeber<br \/>\nDrillcraft GmbH<br \/>\nRohrzieherstrasse 6<br \/>\n47877 Willich<\/p>\n<p>Telefon: 0049 (0)2154-89414-20<br \/>\nTelefax: 0049 (0)2154-89414-11<br \/>\ninfo@drillcraft.de<\/p>\n<p>UST.-IdNr.: DE260096354<br \/>\nGesch\u00e4ftsf\u00fchrer: Frau Min Li<br \/>\nAmtsgericht Krefeld, HRB 11808<br \/>\nVolksbank Krefeld eG<br \/>\nBLZ: 320 603 62<br \/>\nKto: 126 380 011<\/p>\n<p><strong>Markenrecht<\/strong><br \/>\nWir weisen darauf hin, dass alle verwendeten Markennamen der jeweiligen Firmen oder Einrichtungen dem allgemeinen warenzeichen-, marken- oder patentrechtlichem Schutz unterliegen.<\/p>\n<p><strong>Rechte<\/strong><br \/>\nAlle Rechte vorbehalten. Nachdruck (auch auszugsweise), kommerzielle Weiterverbreitung und Aufnahme in kommerzielle Datenbanken nur mit schriftlicher Genehmigung von der drillcraft GmbH.<\/p>\n<p><strong>Links<\/strong><br \/>\nHiermit distanziert sich die drillcraft GmbH ausdr\u00fccklich von allen Inhalten zu gelinkten Seiten auf diesem Internet-Angebot, da diese von Fremdanbietern zug\u00e4nglich gemacht werden und wir auf deren wahrheitsgem\u00e4\u00dfen Inhalt keinerlei Einfluss haben. Diese Erkl\u00e4rung gilt f\u00fcr alle auf den Seiten angebrachten Links. Die drillcraft GmbH \u00fcbernimmt keinerlei Haftung f\u00fcr die Inhalte von verlinkten Schlagzeilen der Kooperationspartner bzw. Fremdberichten auf www.drillcraft.de.<!--:--><!--:en--><\/p>\n<p>Herausgeber<br \/>\ndrillcraft GmbH<br \/>\nRohrzieherstrasse 6<br \/>\n47877 Willich<\/p>\n<p>Telefon: 0049 (0)2154-89414-0<br \/>\nTelefax: 0049 (0)2154-89414-11<br \/>\ninfo@drillcraft.de<\/p>\n<p>UST.-IdNr.: DE260096354<br \/>\nGesch\u00e4ftsf\u00fchrer: Frau Min Li<br \/>\nAmtsgericht Krefeld, HRB 11808<br \/>\nVolksbank Krefeld eG<br \/>\nBLZ: 320 603 62<br \/>\nKto: 126380011<\/p>\n<p><strong>Trademark<\/strong><br \/>\nWe point out that all of the brand names of their respective companies or entities are subject to the trademarks, trademark or patent protected.<\/p>\n<p><strong>Rights<\/strong><br \/>\nAll rights reserved. Reproduction (even in part), commercial distribution and storage in commercial databases, only with written permission of the drillcraft GmbH.<\/p>\n<p><strong>Links<\/strong><br \/>\nHerewith the drillcraft GmbH expressly distances itself from all content on linked pages on this internet site, as they are made available by third party providers and we have no influence on their content. This statement applies to all links placed on pages. The drillcraft GmbH assumes no responsibility for the content of linked headlines of cooperation partners and foreign reports on www.drillcraft.de.<\/p>\n<p><!--:--><\/p>","protected":false},"excerpt":{"rendered":"<p>Herausgeber Drillcraft GmbH Rohrzieherstrasse 6 47877 Willich Telefon: 0049 (0)2154-89414-20 Telefax: 0049 (0)2154-89414-11 info@drillcraft.de UST.-IdNr.: DE260096354 Gesch\u00e4ftsf\u00fchrer: Frau Min Li Amtsgericht Krefeld, HRB 11808 Volksbank Krefeld eG BLZ: 320 603 62 Kto: 126 380 011 Markenrecht Wir weisen darauf hin, dass alle verwendeten Markennamen der jeweiligen Firmen oder Einrichtungen dem allgemeinen warenzeichen-, marken- oder patentrechtlichem [&hellip;]<\/p>\n","protected":false},"author":1,"featured_media":0,"parent":0,"menu_order":11,"comment_status":"closed","ping_status":"closed","template":"","meta":{"footnotes":""},"class_list":["post-63","page","type-page","status-publish","hentry","post"],"jetpack_sharing_enabled":true,"jetpack_shortlink":"https:\/\/wp.me\/P8mDpk-11","jetpack-related-posts":[],"_links":{"self":[{"href":"https:\/\/drillcraft.de\/en\/wp-json\/wp\/v2\/pages\/63","targetHints":{"allow":["GET"]}}],"collection":[{"href":"https:\/\/drillcraft.de\/en\/wp-json\/wp\/v2\/pages"}],"about":[{"href":"https:\/\/drillcraft.de\/en\/wp-json\/wp\/v2\/types\/page"}],"author":[{"embeddable":true,"href":"https:\/\/drillcraft.de\/en\/wp-json\/wp\/v2\/users\/1"}],"replies":[{"embeddable":true,"href":"https:\/\/drillcraft.de\/en\/wp-json\/wp\/v2\/comments?post=63"}],"version-history":[{"count":5,"href":"https:\/\/drillcraft.de\/en\/wp-json\/wp\/v2\/pages\/63\/revisions"}],"predecessor-version":[{"id":1194,"href":"https:\/\/drillcraft.de\/en\/wp-json\/wp\/v2\/pages\/63\/revisions\/1194"}],"wp:attachment":[{"href":"https:\/\/drillcraft.de\/en\/wp-json\/wp\/v2\/media?parent=63"}],"curies":[{"name":"wp","href":"https:\/\/api.w.org\/{rel}","templated":true}]}}