{"id":775,"date":"2013-04-30T14:47:54","date_gmt":"2013-04-30T12:47:54","guid":{"rendered":"http:\/\/drillcraft.de\/?page_id=775"},"modified":"2020-10-14T10:08:01","modified_gmt":"2020-10-14T08:08:01","slug":"neuigkeiten","status":"publish","type":"page","link":"https:\/\/drillcraft.de\/en\/neuigkeiten\/","title":{"rendered":"News"},"content":{"rendered":"<p style=\"text-align: center;\"><a href=\"https:\/\/i0.wp.com\/feida.de\/wp-content\/uploads\/neu_bg3.png\"><img data-recalc-dims=\"1\" loading=\"lazy\" decoding=\"async\" class=\"size-full wp-image-776 alignnone\" style=\"border: 0px; margin: 0px;\" title=\"neu_bg\" src=\"https:\/\/i0.wp.com\/feida.de\/wp-content\/uploads\/neu_bg3.png?resize=659%2C24\" alt=\"\" width=\"659\" height=\"24\" \/><\/a><\/p>\n<p style=\"text-align: center;\"><span style=\"color: #339966;\"><span style=\"font-size: 18px;\"><strong>drillcraft Multifunktionswerkzeug<\/strong><\/span><\/span><\/p>\n<p style=\"text-align: center;\"><a href=\"https:\/\/i0.wp.com\/drillcraft.de\/wp-content\/uploads\/2012\/02\/dremel.jpg\"><img data-recalc-dims=\"1\" loading=\"lazy\" decoding=\"async\" class=\"wp-image-821 aligncenter\" style=\"border: 0px; margin-top: 0px; margin-bottom: 0px;\" src=\"https:\/\/i0.wp.com\/drillcraft.de\/wp-content\/uploads\/2012\/02\/dremel.jpg?resize=672%2C259\" alt=\"drillcraft Werkzeuge Dremel\" width=\"672\" height=\"259\" \/><\/a><\/p>\n<p style=\"text-align: center;\">Ob zum schleifen, polieren oder zum entrosten; unser Multifunktionswerkzeug eignet sich perfekt f\u00fcr den Handwerker um Feinarbeiten ordentlich und ohne gro\u00dfe M\u00fche zu absolvieren. Die Auswahl von 18 verschiedenen Artikeln ist gro\u00df, von B\u00fcrsten bis hin zu Polierscheiben ist alles mit dabei. Jeden verf\u00fcgbaren Artikel k\u00f6nnen Sie in der umfangreichen Galerie in Augenschein nehmen.<\/p>\n<p style=\"text-align: center;\"><strong><a href=\"http:\/\/drillcraft.de\/en\/?page_id=848\">Mehr Informationen<\/a><\/strong><\/p>\n<p style=\"text-align: center;\"><a href=\"https:\/\/i0.wp.com\/feida.de\/wp-content\/uploads\/neu_bg3.png\"><img data-recalc-dims=\"1\" loading=\"lazy\" decoding=\"async\" class=\"size-full wp-image-776 aligncenter\" style=\"border: 0px; margin-top: 0px; margin-bottom: 0px;\" title=\"neu_bg\" src=\"https:\/\/i0.wp.com\/feida.de\/wp-content\/uploads\/neu_bg3.png?resize=659%2C24\" alt=\"\" width=\"659\" height=\"24\" \/><\/a><\/p>\n<p style=\"text-align: center;\"><span style=\"color: #339966;\"><span style=\"font-size: 18px;\"> <strong>drillcraft Fr\u00e4ser<\/strong><\/span><\/span><\/p>\n<p style=\"text-align: center;\">\u00a0<a href=\"https:\/\/i0.wp.com\/drillcraft.de\/wp-content\/uploads\/holzfr%C3%A4ser.jpg\"><img data-recalc-dims=\"1\" loading=\"lazy\" decoding=\"async\" data-attachment-id=\"881\" data-permalink=\"https:\/\/drillcraft.de\/en\/neuigkeiten\/holzfraser\/#main\" data-orig-file=\"https:\/\/i0.wp.com\/drillcraft.de\/wp-content\/uploads\/holzfr%C3%A4ser.jpg?fit=960%2C370&amp;ssl=1\" data-orig-size=\"960,370\" data-comments-opened=\"1\" data-image-meta=\"{&quot;aperture&quot;:&quot;0&quot;,&quot;credit&quot;:&quot;&quot;,&quot;camera&quot;:&quot;&quot;,&quot;caption&quot;:&quot;&quot;,&quot;created_timestamp&quot;:&quot;0&quot;,&quot;copyright&quot;:&quot;&quot;,&quot;focal_length&quot;:&quot;0&quot;,&quot;iso&quot;:&quot;0&quot;,&quot;shutter_speed&quot;:&quot;0&quot;,&quot;title&quot;:&quot;&quot;}\" data-image-title=\"holzfr\u00e4ser\" data-image-description=\"\" data-image-caption=\"\" data-large-file=\"https:\/\/i0.wp.com\/drillcraft.de\/wp-content\/uploads\/holzfr%C3%A4ser.jpg?fit=720%2C278&amp;ssl=1\" class=\"wp-image-881 aligncenter\" style=\"border: 0px; margin-top: 0px; margin-bottom: 0px;\" src=\"https:\/\/i0.wp.com\/drillcraft.de\/wp-content\/uploads\/holzfr%C3%A4ser.jpg?resize=672%2C259\" alt=\"holzfr\u00e4ser\" width=\"672\" height=\"259\" srcset=\"https:\/\/i0.wp.com\/drillcraft.de\/wp-content\/uploads\/holzfr%C3%A4ser.jpg?w=960&amp;ssl=1 960w, https:\/\/i0.wp.com\/drillcraft.de\/wp-content\/uploads\/holzfr%C3%A4ser.jpg?resize=300%2C115&amp;ssl=1 300w\" sizes=\"auto, (max-width: 672px) 100vw, 672px\" \/><\/a><\/p>\n<p style=\"text-align: center;\">Werfen Sie einen Blick in unsere gro\u00dfe Auswahl an Holzfr\u00e4sern. Wir f\u00fchren Bohrfr\u00e4ser, Nutfr\u00e4ser, Zinkenfr\u00e4ser und viele weitere in verschiedenen Abmessungen in unserem Sortiment. F\u00fcr weitere Informationen, werfen Sie doch einen Blick in unser Informationsblatt.<\/p>\n<p style=\"text-align: center;\"><strong><a href=\"http:\/\/drillcraft.de\/wp-content\/uploads\/2013\/08\/Holzfraeser.pdf\">Mehr Informationen<\/a><\/strong><\/p>\n<p style=\"text-align: center;\"><a href=\"https:\/\/i0.wp.com\/feida.de\/wp-content\/uploads\/neu_bg3.png\"><img data-recalc-dims=\"1\" loading=\"lazy\" decoding=\"async\" class=\"size-full wp-image-776 aligncenter\" style=\"border: 0px; margin-top: 0px; margin-bottom: 0px;\" title=\"neu_bg\" src=\"https:\/\/i0.wp.com\/feida.de\/wp-content\/uploads\/neu_bg3.png?resize=659%2C24\" alt=\"\" width=\"659\" height=\"24\" \/><\/a><\/p>\n<p style=\"text-align: center;\"><span style=\"color: #339966;\"><span style=\"font-size: 18px;\"> <strong>drillcraft Multitool<\/strong><\/span><\/span><\/p>\n<p style=\"text-align: center;\"><a href=\"https:\/\/i0.wp.com\/drillcraft.de\/wp-content\/uploads\/multitool.jpg\"><img data-recalc-dims=\"1\" loading=\"lazy\" decoding=\"async\" data-attachment-id=\"882\" data-permalink=\"https:\/\/drillcraft.de\/en\/neuigkeiten\/multitool\/#main\" data-orig-file=\"https:\/\/i0.wp.com\/drillcraft.de\/wp-content\/uploads\/multitool.jpg?fit=960%2C370&amp;ssl=1\" data-orig-size=\"960,370\" data-comments-opened=\"1\" data-image-meta=\"{&quot;aperture&quot;:&quot;0&quot;,&quot;credit&quot;:&quot;&quot;,&quot;camera&quot;:&quot;&quot;,&quot;caption&quot;:&quot;&quot;,&quot;created_timestamp&quot;:&quot;0&quot;,&quot;copyright&quot;:&quot;&quot;,&quot;focal_length&quot;:&quot;0&quot;,&quot;iso&quot;:&quot;0&quot;,&quot;shutter_speed&quot;:&quot;0&quot;,&quot;title&quot;:&quot;&quot;}\" data-image-title=\"multitool\" data-image-description=\"\" data-image-caption=\"\" data-large-file=\"https:\/\/i0.wp.com\/drillcraft.de\/wp-content\/uploads\/multitool.jpg?fit=720%2C278&amp;ssl=1\" class=\"wp-image-882 aligncenter\" style=\"border: 0px; margin-top: 0px; margin-bottom: 0px;\" src=\"https:\/\/i0.wp.com\/drillcraft.de\/wp-content\/uploads\/multitool.jpg?resize=672%2C259\" alt=\"multitool\" width=\"672\" height=\"259\" srcset=\"https:\/\/i0.wp.com\/drillcraft.de\/wp-content\/uploads\/multitool.jpg?w=960&amp;ssl=1 960w, https:\/\/i0.wp.com\/drillcraft.de\/wp-content\/uploads\/multitool.jpg?resize=300%2C115&amp;ssl=1 300w\" sizes=\"auto, (max-width: 672px) 100vw, 672px\" \/><\/a><\/p>\n<p style=\"text-align: center;\">Oszilillierende Multitools waren eine lange Zeit nur im Profibereich zu finden, nun halten Sie auch beim Heimwerker Einzug. Wir bieten Ihnen 13 verschiedene Multitools an, die mit Sicherheit Ihren Anforderungen gerecht werden. Unter anderem bieten wir Tauchs\u00e4gebl\u00e4tter, Radials\u00e4gebl\u00e4tter (auch Diamant beschichtet) und die Schleifplatte Delta an. Unser besonderes Highlight ist das 2-in-1 Multitool. Dieses allround Werkzeug ist sehr langlebig und Ideal f\u00fcr den Einsatz in kleinen Ecken geeignet. Weitere Informationen entnehmen Sie bitte unserem Informationsblatt.<\/p>\n<p style=\"text-align: center;\"><strong><a href=\"http:\/\/drillcraft.de\/en\/?page_id=936\">Mehr Informationen<\/a><\/strong><\/p>\n<p style=\"text-align: center;\"><a href=\"https:\/\/i0.wp.com\/feida.de\/wp-content\/uploads\/neu_bg3.png\"><img data-recalc-dims=\"1\" loading=\"lazy\" decoding=\"async\" class=\"size-full wp-image-776 aligncenter\" style=\"border: 0px; margin-top: 0px; margin-bottom: 0px;\" title=\"neu_bg\" src=\"https:\/\/i0.wp.com\/feida.de\/wp-content\/uploads\/neu_bg3.png?resize=659%2C24\" alt=\"\" width=\"659\" height=\"24\" \/><\/a><\/p>\n<p style=\"text-align: center;\"><span style=\"color: #339966;\"><span style=\"font-size: 18px;\"> <strong>drillcraft S\u00e4gebl\u00e4tter<\/strong><\/span><\/span><\/p>\n<p style=\"text-align: center;\">Bald erh\u00e4ltlich: unsere neuen S\u00e4gebl\u00e4tter. Verf\u00fcgbar in vielen verschiedenen Ausf\u00fchrungen. Profitieren Sie von der guten Qualit\u00e4t unserer Produkte die sowohl schnelles als auch pr\u00e4zises Arbeiten erm\u00f6glichten. Unsere S\u00e4gebl\u00e4tter werden f\u00fcr die Bearbeitung von Holz und Metall verf\u00fcgbar sein. Weitere Informationen folgen in K\u00fcrze.<\/p>\n<p style=\"text-align: center;\"><strong><a href=\"http:\/\/drillcraft.de\/wp-content\/uploads\/2013\/08\/Informationen-Saegeblaetter-2013.pdf\">Mehr Informationen<\/a><\/strong><\/p>\n<p style=\"text-align: center;\"><a href=\"https:\/\/i0.wp.com\/feida.de\/wp-content\/uploads\/neu_bg3.png\"><img data-recalc-dims=\"1\" loading=\"lazy\" decoding=\"async\" class=\"size-full wp-image-776 aligncenter\" style=\"border: 0px; margin-top: 0px; margin-bottom: 0px;\" title=\"neu_bg\" src=\"https:\/\/i0.wp.com\/feida.de\/wp-content\/uploads\/neu_bg3.png?resize=659%2C24\" alt=\"\" width=\"659\" height=\"24\" \/><\/a><\/p>\n<p style=\"text-align: center;\"><span style=\"color: #339966;\"><span style=\"font-size: 18px;\"><br \/>\n<strong>drillcraft Forstnerbohrer Profi Line<\/strong><\/span><\/span><\/p>\n<p style=\"text-align: center;\"><a href=\"https:\/\/i0.wp.com\/drillcraft.de\/wp-content\/uploads\/forstner_profiline.jpg\"><img data-recalc-dims=\"1\" loading=\"lazy\" decoding=\"async\" data-attachment-id=\"880\" data-permalink=\"https:\/\/drillcraft.de\/en\/neuigkeiten\/forstner_profiline\/#main\" data-orig-file=\"https:\/\/i0.wp.com\/drillcraft.de\/wp-content\/uploads\/forstner_profiline.jpg?fit=960%2C370&amp;ssl=1\" data-orig-size=\"960,370\" data-comments-opened=\"1\" data-image-meta=\"{&quot;aperture&quot;:&quot;0&quot;,&quot;credit&quot;:&quot;&quot;,&quot;camera&quot;:&quot;&quot;,&quot;caption&quot;:&quot;&quot;,&quot;created_timestamp&quot;:&quot;0&quot;,&quot;copyright&quot;:&quot;&quot;,&quot;focal_length&quot;:&quot;0&quot;,&quot;iso&quot;:&quot;0&quot;,&quot;shutter_speed&quot;:&quot;0&quot;,&quot;title&quot;:&quot;&quot;}\" data-image-title=\"forstner_profiline\" data-image-description=\"\" data-image-caption=\"\" data-large-file=\"https:\/\/i0.wp.com\/drillcraft.de\/wp-content\/uploads\/forstner_profiline.jpg?fit=720%2C278&amp;ssl=1\" class=\"wp-image-880 aligncenter\" style=\"border: 0px; margin-top: 0px; margin-bottom: 0px;\" src=\"https:\/\/i0.wp.com\/drillcraft.de\/wp-content\/uploads\/forstner_profiline.jpg?resize=672%2C259\" alt=\"forstner_profiline\" width=\"672\" height=\"259\" srcset=\"https:\/\/i0.wp.com\/drillcraft.de\/wp-content\/uploads\/forstner_profiline.jpg?w=960&amp;ssl=1 960w, https:\/\/i0.wp.com\/drillcraft.de\/wp-content\/uploads\/forstner_profiline.jpg?resize=300%2C115&amp;ssl=1 300w\" sizes=\"auto, (max-width: 672px) 100vw, 672px\" \/><\/a><\/p>\n<p style=\"text-align: center;\">Forstnerbohrer Profiline eignen sich\u00a0hervorragend zum splitterfreien Bohren und sind\u00a0aus hochwertigem Karbon Werkzeugstahl (T10)\u00a0gefertigt. Sie bohren in jede Maserung und\u00a0Dicke ,sowie in schwierige Strukturen.\u00a0Die Forstnerbohrer sind wegen Ihrem\u00a0Pr\u00e4zisionsschaft von 12,5mm auch f\u00fcr\u00a0Bohrmaschinen geeignet. Die Profiline eignet sich Ideal f\u00fcr Zapfenverbindungen in der professionellen Holztechnik, pr\u00e4zise und ausri\u00dffreie Bohrungen in alle Holzarten und vielem mehr. F\u00fcr weitere Informationen werfen Sie doch bitte ein Blick auf unser Informationsblatt.<\/p>\n<p style=\"text-align: center;\"><strong><a href=\"http:\/\/drillcraft.de\/wp-content\/uploads\/2013\/08\/Informationsblatt-deutsch-T10.pdf\">Mehr Informationen zu T10 Forstnerbohrern<\/a><\/strong><\/p>\n<p style=\"text-align: center;\"><strong><a href=\"http:\/\/drillcraft.de\/wp-content\/uploads\/2013\/08\/Informationsblatt-deutsch-C60.pdf\">Mehr Informationen zu C60 Forstnerbohrern<\/a><\/strong><\/p>\n<p style=\"text-align: center;\"><a href=\"https:\/\/i0.wp.com\/feida.de\/wp-content\/uploads\/neu_bg3.png\"><img data-recalc-dims=\"1\" loading=\"lazy\" decoding=\"async\" class=\"size-full wp-image-776 aligncenter\" style=\"border: 0px; margin-top: 0px; margin-bottom: 0px;\" title=\"neu_bg\" src=\"https:\/\/i0.wp.com\/feida.de\/wp-content\/uploads\/neu_bg3.png?resize=659%2C24\" alt=\"\" width=\"659\" height=\"24\" \/><\/a><\/p>","protected":false},"excerpt":{"rendered":"<p>drillcraft Multifunktionswerkzeug Ob zum schleifen, polieren oder zum entrosten; unser Multifunktionswerkzeug eignet sich perfekt f\u00fcr den Handwerker um Feinarbeiten ordentlich und ohne gro\u00dfe M\u00fche zu absolvieren. Die Auswahl von 18 verschiedenen Artikeln ist gro\u00df, von B\u00fcrsten bis hin zu Polierscheiben ist alles mit dabei. Jeden verf\u00fcgbaren Artikel k\u00f6nnen Sie in der umfangreichen Galerie in Augenschein [&hellip;]<\/p>\n","protected":false},"author":1,"featured_media":0,"parent":0,"menu_order":6,"comment_status":"closed","ping_status":"closed","template":"","meta":{"footnotes":""},"class_list":["post-775","page","type-page","status-publish","hentry","post"],"jetpack_sharing_enabled":true,"jetpack_shortlink":"https:\/\/wp.me\/P8mDpk-cv","jetpack-related-posts":[],"_links":{"self":[{"href":"https:\/\/drillcraft.de\/en\/wp-json\/wp\/v2\/pages\/775","targetHints":{"allow":["GET"]}}],"collection":[{"href":"https:\/\/drillcraft.de\/en\/wp-json\/wp\/v2\/pages"}],"about":[{"href":"https:\/\/drillcraft.de\/en\/wp-json\/wp\/v2\/types\/page"}],"author":[{"embeddable":true,"href":"https:\/\/drillcraft.de\/en\/wp-json\/wp\/v2\/users\/1"}],"replies":[{"embeddable":true,"href":"https:\/\/drillcraft.de\/en\/wp-json\/wp\/v2\/comments?post=775"}],"version-history":[{"count":9,"href":"https:\/\/drillcraft.de\/en\/wp-json\/wp\/v2\/pages\/775\/revisions"}],"predecessor-version":[{"id":1009,"href":"https:\/\/drillcraft.de\/en\/wp-json\/wp\/v2\/pages\/775\/revisions\/1009"}],"wp:attachment":[{"href":"https:\/\/drillcraft.de\/en\/wp-json\/wp\/v2\/media?parent=775"}],"curies":[{"name":"wp","href":"https:\/\/api.w.org\/{rel}","templated":true}]}}