{"id":848,"date":"2013-05-07T12:42:42","date_gmt":"2013-05-07T10:42:42","guid":{"rendered":"http:\/\/drillcraft.de\/?page_id=848"},"modified":"2020-10-14T12:16:32","modified_gmt":"2020-10-14T10:16:32","slug":"dremel-2","status":"publish","type":"page","link":"https:\/\/drillcraft.de\/en\/dremel-2\/","title":{"rendered":"drillcraft Multifunktionswerkzeug"},"content":{"rendered":"<p style=\"text-align: center;\">Es freut uns das Sie sich f\u00fcr unser Multifunktionswerkzeug Sortiment interessieren. Auf dieser Seite finden Sie alle n\u00f6tigen Informationen &amp; Bilder zu den Artikeln die f\u00fcr Sie verf\u00fcgbar sind.<\/p>\n<p style=\"text-align: center;\"><strong>Das Multifunktionswerkzeug<\/strong><\/p>\n<p style=\"text-align: center;\">Ob zum schleifen, polieren oder zum entrosten; unser Multifunktionswerkzeug eignet sich perfekt f\u00fcr den Handwerker um Feinarbeiten ordentlich und ohne gro\u00dfe M\u00fche zu absolvieren. Die Auswahl von 18 verschiedenen Artikeln ist gro\u00df, von B\u00fcrsten bis hin zu Polierscheiben ist alles mit dabei. Jeden verf\u00fcgbaren Artikel k\u00f6nnen Sie unten in der umfangreichen Galerie in Augenschein nehmen, oder werfen Sie doch einen Blick auf unser ausf\u00fchrliches Informationsblatt.<\/p>\n<p style=\"text-align: center;\"><strong>F\u00fcr Endverbraucher &amp; Einzelh\u00e4ndler<\/strong><\/p>\n<p style=\"text-align: center;\">Wir bieten das Multifunktionswerkzeug f\u00fcr Endverbraucher, aber auch f\u00fcr Einzelh\u00e4ndler an. Als Einzelh\u00e4ndler k\u00f6nnen Sie zur Komplettbest\u00fcckung zus\u00e4tzlich noch das passende Regal dazu bestellen.<\/p>\n<p style=\"text-align: center;\"><strong>Die Verpackung<\/strong><\/p>\n<p style=\"text-align: center;\">Das Multifunktionswerkzeug ist in Plastikblistern mit ansprechenden Inlays verpackt. Die Blister sind au\u00dferdem sehr stabil und sch\u00fctzen den Inhalt vor Einfluss von au\u00dfen.<\/p>\n<p style=\"text-align: center;\">[print_gllr id=888]<\/p>\n","protected":false},"excerpt":{"rendered":"<p>Es freut uns das Sie sich f\u00fcr unser Multifunktionswerkzeug Sortiment interessieren. Auf dieser Seite finden Sie alle n\u00f6tigen Informationen &amp; Bilder zu den Artikeln die f\u00fcr Sie verf\u00fcgbar sind. Das Multifunktionswerkzeug Ob zum schleifen, polieren oder zum entrosten; unser Multifunktionswerkzeug eignet sich perfekt f\u00fcr den Handwerker um Feinarbeiten ordentlich und ohne gro\u00dfe M\u00fche zu absolvieren. [&hellip;]<\/p>\n","protected":false},"author":1,"featured_media":0,"parent":0,"menu_order":12,"comment_status":"closed","ping_status":"closed","template":"","meta":{"footnotes":""},"class_list":["post-848","page","type-page","status-publish","hentry","post"],"jetpack_sharing_enabled":false,"jetpack_shortlink":"https:\/\/wp.me\/P8mDpk-dG","jetpack-related-posts":[],"_links":{"self":[{"href":"https:\/\/drillcraft.de\/en\/wp-json\/wp\/v2\/pages\/848","targetHints":{"allow":["GET"]}}],"collection":[{"href":"https:\/\/drillcraft.de\/en\/wp-json\/wp\/v2\/pages"}],"about":[{"href":"https:\/\/drillcraft.de\/en\/wp-json\/wp\/v2\/types\/page"}],"author":[{"embeddable":true,"href":"https:\/\/drillcraft.de\/en\/wp-json\/wp\/v2\/users\/1"}],"replies":[{"embeddable":true,"href":"https:\/\/drillcraft.de\/en\/wp-json\/wp\/v2\/comments?post=848"}],"version-history":[{"count":1,"href":"https:\/\/drillcraft.de\/en\/wp-json\/wp\/v2\/pages\/848\/revisions"}],"predecessor-version":[{"id":907,"href":"https:\/\/drillcraft.de\/en\/wp-json\/wp\/v2\/pages\/848\/revisions\/907"}],"wp:attachment":[{"href":"https:\/\/drillcraft.de\/en\/wp-json\/wp\/v2\/media?parent=848"}],"curies":[{"name":"wp","href":"https:\/\/api.w.org\/{rel}","templated":true}]}}