{"id":936,"date":"2014-12-05T14:37:59","date_gmt":"2014-12-05T13:37:59","guid":{"rendered":"http:\/\/drillcraft.de\/?page_id=936"},"modified":"2020-09-23T10:31:57","modified_gmt":"2020-09-23T08:31:57","slug":"drillcraft-multitool","status":"publish","type":"page","link":"https:\/\/drillcraft.de\/en\/drillcraft-multitool\/","title":{"rendered":"drillcraft Multitool"},"content":{"rendered":"<p style=\"text-align: center;\"><img data-recalc-dims=\"1\" loading=\"lazy\" decoding=\"async\" data-attachment-id=\"989\" data-permalink=\"https:\/\/drillcraft.de\/en\/drillcraft-multitool\/header-2\/#main\" data-orig-file=\"https:\/\/i0.wp.com\/drillcraft.de\/wp-content\/uploads\/header1.jpg?fit=800%2C140&amp;ssl=1\" data-orig-size=\"800,140\" data-comments-opened=\"1\" data-image-meta=\"{&quot;aperture&quot;:&quot;0&quot;,&quot;credit&quot;:&quot;&quot;,&quot;camera&quot;:&quot;&quot;,&quot;caption&quot;:&quot;&quot;,&quot;created_timestamp&quot;:&quot;0&quot;,&quot;copyright&quot;:&quot;&quot;,&quot;focal_length&quot;:&quot;0&quot;,&quot;iso&quot;:&quot;0&quot;,&quot;shutter_speed&quot;:&quot;0&quot;,&quot;title&quot;:&quot;&quot;,&quot;orientation&quot;:&quot;1&quot;}\" data-image-title=\"header\" data-image-description=\"\" data-image-caption=\"\" data-large-file=\"https:\/\/i0.wp.com\/drillcraft.de\/wp-content\/uploads\/header1.jpg?fit=720%2C126&amp;ssl=1\" class=\"aligncenter wp-image-989 size-full\" src=\"https:\/\/i0.wp.com\/drillcraft.de\/wp-content\/uploads\/header1.jpg?resize=720%2C126\" alt=\"\" width=\"720\" height=\"126\" srcset=\"https:\/\/i0.wp.com\/drillcraft.de\/wp-content\/uploads\/header1.jpg?w=800&amp;ssl=1 800w, https:\/\/i0.wp.com\/drillcraft.de\/wp-content\/uploads\/header1.jpg?resize=300%2C52&amp;ssl=1 300w\" sizes=\"auto, (max-width: 720px) 100vw, 720px\" \/><\/p>\n<p style=\"text-align: center;\">Oszilillierende Multitools waren eine lange Zeit nur im Profibereich zu finden, nun halten Sie auch beim Heimwerker Einzug. Wir bieten Ihnen 15 verschiedene Multitools an, die mit Sicherheit Ihren Anforderungen gerecht werden. Unter anderem bieten wir Tauchs\u00e4gebl\u00e4tter, Radials\u00e4gebl\u00e4tter (auch Diamant beschichtet) und die Schleifplatte Delta an. Unser besonderes Highlight ist das 2-in-1 Multitool. Dieses allround Werkzeug ist sehr langlebig und Ideal f\u00fcr den Einsatz in kleinen Ecken geeignet.<\/p>\n<p style=\"text-align: center;\"><img data-recalc-dims=\"1\" loading=\"lazy\" decoding=\"async\" data-attachment-id=\"978\" data-permalink=\"https:\/\/drillcraft.de\/en\/drillcraft-multitool\/testkasten_hwp513-indd\/#main\" data-orig-file=\"https:\/\/i0.wp.com\/drillcraft.de\/wp-content\/uploads\/drillcraft-Multitool-Werkzeuge_HWP513.jpg?fit=1244%2C559&amp;ssl=1\" data-orig-size=\"1244,559\" data-comments-opened=\"1\" data-image-meta=\"{&quot;aperture&quot;:&quot;0&quot;,&quot;credit&quot;:&quot;claudia&quot;,&quot;camera&quot;:&quot;&quot;,&quot;caption&quot;:&quot;&quot;,&quot;created_timestamp&quot;:&quot;0&quot;,&quot;copyright&quot;:&quot;&quot;,&quot;focal_length&quot;:&quot;0&quot;,&quot;iso&quot;:&quot;0&quot;,&quot;shutter_speed&quot;:&quot;0&quot;,&quot;title&quot;:&quot;Testk\\u00e4sten_HWP513.indd&quot;}\" data-image-title=\"Testk\u00e4sten_HWP513.indd\" data-image-description=\"\" data-image-caption=\"\" data-large-file=\"https:\/\/i0.wp.com\/drillcraft.de\/wp-content\/uploads\/drillcraft-Multitool-Werkzeuge_HWP513.jpg?fit=720%2C323&amp;ssl=1\" class=\"aligncenter size-medium wp-image-978\" src=\"https:\/\/i0.wp.com\/drillcraft.de\/wp-content\/uploads\/drillcraft-Multitool-Werkzeuge_HWP513.jpg?resize=300%2C134\" alt=\"Testk\u00e4sten_HWP513.indd\" width=\"300\" height=\"134\" srcset=\"https:\/\/i0.wp.com\/drillcraft.de\/wp-content\/uploads\/drillcraft-Multitool-Werkzeuge_HWP513.jpg?resize=300%2C134&amp;ssl=1 300w, https:\/\/i0.wp.com\/drillcraft.de\/wp-content\/uploads\/drillcraft-Multitool-Werkzeuge_HWP513.jpg?resize=1024%2C460&amp;ssl=1 1024w, https:\/\/i0.wp.com\/drillcraft.de\/wp-content\/uploads\/drillcraft-Multitool-Werkzeuge_HWP513.jpg?w=1244&amp;ssl=1 1244w\" sizes=\"auto, (max-width: 300px) 100vw, 300px\" \/><\/p>\n<p style=\"text-align: center;\">Unsere \u00dcberzeugung bez\u00fcglich des drillcraft Multitools bekr\u00e4ftigen auch aktuelle Testergebnisse der Fachzeitschrift &#8222;Heimwerker Praxis&#8220;, in der das Multitool mit der Note 1,3, &#8222;Oberklasse&#8220;, ausgezeichnet wurde.<\/p>\n<p style=\"text-align: center;\">Klicken Sie sich durch unsere Galerie. Sie haben die Auswahl zwischen dem Multitool mit, oder ohne unserer Blister Verpackung.<\/p>\n<p><\/center><\/p>\n<h2 style=\"text-align: center;\">Verpackt im Blister<\/h2>\n<p>&nbsp;<\/p>\n<p style=\"text-align: center;\">[print_gllr id=935]<\/p>\n<p><center><strong><strong><br \/>\n<\/strong><\/strong><\/center><\/p>\n<h2 style=\"text-align: center;\">Ohne Verpackung<\/h2>\n<p>&nbsp;<\/p>\n<p style=\"text-align: center;\">[print_gllr id=955]<\/p>\n","protected":false},"excerpt":{"rendered":"<p>Oszilillierende Multitools waren eine lange Zeit nur im Profibereich zu finden, nun halten Sie auch beim Heimwerker Einzug. Wir bieten Ihnen 15 verschiedene Multitools an, die mit Sicherheit Ihren Anforderungen gerecht werden. Unter anderem bieten wir Tauchs\u00e4gebl\u00e4tter, Radials\u00e4gebl\u00e4tter (auch Diamant beschichtet) und die Schleifplatte Delta an. Unser besonderes Highlight ist das 2-in-1 Multitool. Dieses allround [&hellip;]<\/p>\n","protected":false},"author":1,"featured_media":0,"parent":0,"menu_order":11,"comment_status":"closed","ping_status":"closed","template":"","meta":{"footnotes":""},"class_list":["post-936","page","type-page","status-publish","hentry","post"],"jetpack_sharing_enabled":true,"jetpack_shortlink":"https:\/\/wp.me\/P8mDpk-f6","jetpack-related-posts":[],"_links":{"self":[{"href":"https:\/\/drillcraft.de\/en\/wp-json\/wp\/v2\/pages\/936","targetHints":{"allow":["GET"]}}],"collection":[{"href":"https:\/\/drillcraft.de\/en\/wp-json\/wp\/v2\/pages"}],"about":[{"href":"https:\/\/drillcraft.de\/en\/wp-json\/wp\/v2\/types\/page"}],"author":[{"embeddable":true,"href":"https:\/\/drillcraft.de\/en\/wp-json\/wp\/v2\/users\/1"}],"replies":[{"embeddable":true,"href":"https:\/\/drillcraft.de\/en\/wp-json\/wp\/v2\/comments?post=936"}],"version-history":[{"count":19,"href":"https:\/\/drillcraft.de\/en\/wp-json\/wp\/v2\/pages\/936\/revisions"}],"predecessor-version":[{"id":995,"href":"https:\/\/drillcraft.de\/en\/wp-json\/wp\/v2\/pages\/936\/revisions\/995"}],"wp:attachment":[{"href":"https:\/\/drillcraft.de\/en\/wp-json\/wp\/v2\/media?parent=936"}],"curies":[{"name":"wp","href":"https:\/\/api.w.org\/{rel}","templated":true}]}}